{"id":756,"date":"2021-10-02T22:25:02","date_gmt":"2021-10-02T22:25:02","guid":{"rendered":"https:\/\/inctec.live-website.com\/?page_id=756"},"modified":"2026-03-18T10:28:47","modified_gmt":"2026-03-18T10:28:47","slug":"datenschutz","status":"publish","type":"page","link":"https:\/\/incontext.technology\/fr\/datenschutz","title":{"rendered":"PROTECTION DES DONN\u00c9ES"},"content":{"rendered":"<div data-elementor-type=\"wp-page\" data-elementor-id=\"756\" class=\"elementor elementor-756\" data-elementor-post-type=\"page\">\n\t\t\t\t\t\t<section class=\"elementor-section elementor-top-section elementor-element elementor-element-3ca976d1 elementor-section-boxed elementor-section-height-default elementor-section-height-default\" data-id=\"3ca976d1\" data-element_type=\"section\" data-e-type=\"section\">\n\t\t\t\t\t\t<div class=\"elementor-container elementor-column-gap-default\">\n\t\t\t\t\t<div class=\"elementor-column elementor-col-100 elementor-top-column elementor-element elementor-element-1ac82286\" data-id=\"1ac82286\" data-element_type=\"column\" data-e-type=\"column\">\n\t\t\t<div class=\"elementor-widget-wrap elementor-element-populated\">\n\t\t\t\t\t\t<div class=\"elementor-element elementor-element-74c2ae6 elementor-widget elementor-widget-heading\" data-id=\"74c2ae6\" data-element_type=\"widget\" data-e-type=\"widget\" data-widget_type=\"heading.default\">\n\t\t\t\t\t<h1 class=\"elementor-heading-title elementor-size-default\">PROTECTION DES DONN\u00c9ES\n<\/h1>\t\t\t\t<\/div>\n\t\t\t\t<div class=\"elementor-element elementor-element-27da1654 elementor-widget elementor-widget-text-editor\" data-id=\"27da1654\" data-element_type=\"widget\" data-e-type=\"widget\" data-widget_type=\"text-editor.default\">\n\t\t\t\t\t\t\t\t\t\n<div>\n<div><b>Organisme responsable<\/b> En termes de lois sur la protection des donn\u00e9es, en particulier le r\u00e8glement g\u00e9n\u00e9ral de l&#039;UE sur la protection des donn\u00e9es (RGPD), incontext.technology GmbH \/ Friedrich-Ebert-Anlage 27\/69117 Heidelberg \/ Allemagne<br \/><br \/>\n<p><b>Repr\u00e9sent\u00e9 par:<\/b>\u00a0Olga Mordvinova<br \/>T\u00e9l\u00e9phone 06221 7254012 \/ Courrier\u00a0<a href=\"mailto:hello@inctec.de\">hello@inctec.de<\/a><br \/>Voir les mentions l\u00e9gales pour plus d&#039;informations.<br \/><br \/><\/p>\n<p><b>Vos droits en tant que personne concern\u00e9e\u00a0:<\/b>\u00a0Vous pouvez exercer les droits suivants \u00e0 tout moment en utilisant les coordonn\u00e9es de notre d\u00e9l\u00e9gu\u00e9 \u00e0 la protection des donn\u00e9es :<\/p>\n<ul>\n<li>Des informations sur vos donn\u00e9es stock\u00e9es par nos soins et leur traitement,<\/li>\n<li>Correction de donn\u00e9es personnelles incorrectes,<\/li>\n<li>Suppression de vos donn\u00e9es stock\u00e9es par nos soins,<\/li>\n<li>Restriction du traitement des donn\u00e9es si nous ne sommes pas encore autoris\u00e9s \u00e0 supprimer vos donn\u00e9es en raison d&#039;obligations l\u00e9gales,<\/li>\n<li>Objection au traitement de vos donn\u00e9es par nous et \u00e0 la portabilit\u00e9 des donn\u00e9es, \u00e0 condition que vous ayez consenti au traitement des donn\u00e9es ou que vous ayez conclu un contrat avec nous.<\/li>\n<\/ul>\n<br \/>Si vous nous avez donn\u00e9 votre consentement, vous pouvez le r\u00e9voquer \u00e0 tout moment avec effet pour l&#039;avenir. Vous pouvez \u00e0 tout moment adresser une r\u00e9clamation \u00e0 l&#039;autorit\u00e9 de contr\u00f4le comp\u00e9tente pour vous. Votre autorit\u00e9 de contr\u00f4le comp\u00e9tente d\u00e9pend de l&#039;\u00e9tat de votre lieu de r\u00e9sidence, de votre travail ou de la violation all\u00e9gu\u00e9e. Une liste des autorit\u00e9s de contr\u00f4le (pour le domaine non public) avec leurs adresses est disponible sur : https:\/\/www.bfdi.bund.de\/DE\/Infothek\/Anschriften_Links\/anschriften_links-node.html.<\/div>\n<br \/>\n<div><b>Finalit\u00e9s du traitement des donn\u00e9es par l&#039;organisme responsable et des tiers\u00a0:<\/b>\u00a0Nous traitons vos donn\u00e9es personnelles uniquement aux fins \u00e9nonc\u00e9es dans la pr\u00e9sente d\u00e9claration de protection des donn\u00e9es. Un transfert de vos donn\u00e9es personnelles \u00e0 des tiers \u00e0 des fins autres que celles mentionn\u00e9es n&#039;a pas lieu. Nous ne transmettons vos donn\u00e9es personnelles \u00e0 des tiers que si :\n<ul>\n<li>Vous avez donn\u00e9 votre consentement expr\u00e8s<\/li>\n<li>le traitement est n\u00e9cessaire pour traiter un contrat avec vous,<\/li>\n<li>le traitement est n\u00e9cessaire pour remplir une obligation l\u00e9gale,<\/li>\n<\/ul>\n<br \/>Le traitement est n\u00e9cessaire pour prot\u00e9ger les int\u00e9r\u00eats l\u00e9gitimes et il n&#039;y a aucune raison de supposer que vous avez un int\u00e9r\u00eat l\u00e9gitime sup\u00e9rieur \u00e0 ne pas divulguer vos donn\u00e9es.<br \/><br \/><\/div>\n<div><b>Suppression ou blocage des donn\u00e9es :<\/b>\u00a0Nous adh\u00e9rons aux principes d&#039;\u00e9vitement des donn\u00e9es et d&#039;\u00e9conomie des donn\u00e9es. Nous ne conservons donc vos donn\u00e9es personnelles que le temps n\u00e9cessaire \u00e0 la r\u00e9alisation des finalit\u00e9s mentionn\u00e9es ici ou telles que stipul\u00e9es par les diff\u00e9rentes p\u00e9riodes de conservation pr\u00e9vues par la loi. Apr\u00e8s la finalit\u00e9 respective ou l&#039;expiration de ces d\u00e9lais, les donn\u00e9es correspondantes seront syst\u00e9matiquement bloqu\u00e9es ou supprim\u00e9es conform\u00e9ment aux dispositions l\u00e9gales.<br \/><br \/><\/div>\n<div><b>Cryptage SSL\u00a0:<\/b>\u00a0Pour prot\u00e9ger la s\u00e9curit\u00e9 de vos donn\u00e9es pendant la transmission, nous utilisons des m\u00e9thodes de cryptage de pointe (par exemple SSL) sur HTTPS.<br \/><br \/><\/div>\n<div><b>Fonction de commentaire\u00a0:<\/b>\u00a0Lorsque les utilisateurs laissent des commentaires sur notre site, l&#039;heure de leur cr\u00e9ation et le nom d&#039;utilisateur pr\u00e9alablement s\u00e9lectionn\u00e9 par le visiteur du site sont enregistr\u00e9s en plus de ces informations. C&#039;est pour notre s\u00e9curit\u00e9, car nous pouvons \u00eatre poursuivis pour contenu ill\u00e9gal sur notre site Web, m\u00eame s&#039;il a \u00e9t\u00e9 cr\u00e9\u00e9 par des utilisateurs.<br \/><br \/><\/div>\n<div><b>Formulaire de contact :<\/b>\u00a0Si vous nous contactez pour des questions de toute nature par e-mail ou formulaire de contact, donnez-nous votre consentement volontaire dans le but de nous contacter. Une adresse e-mail valide est requise pour cela. Ceci est utilis\u00e9 pour attribuer la demande et ensuite y r\u00e9pondre. La sp\u00e9cification d&#039;autres donn\u00e9es est facultative. Les informations que vous fournissez seront stock\u00e9es dans le but de traiter la demande et pour d&#039;\u00e9ventuelles questions de suivi. Une fois votre demande trait\u00e9e, les donn\u00e9es personnelles seront automatiquement supprim\u00e9es.<br \/><br \/><\/div>\n<div><b>Utilisation de biblioth\u00e8ques de scripts (Google Web Fonts)\u00a0:<\/b>\u00a0Afin de pr\u00e9senter notre contenu correctement et graphiquement attrayant sur tous les navigateurs, nous utilisons des biblioth\u00e8ques de scripts et des biblioth\u00e8ques de polices telles que. B. Google Webfonts (https:\/\/www.google.com\/webfonts\/). Les polices Web de Google sont transf\u00e9r\u00e9es dans le cache de votre navigateur pour \u00e9viter les chargements multiples. Si le navigateur ne prend pas en charge les polices Web Google ou emp\u00eache l&#039;acc\u00e8s, le contenu est affich\u00e9 dans une police standard.<br \/>\n<p>L&#039;appel des biblioth\u00e8ques de scripts ou des biblioth\u00e8ques de polices d\u00e9clenche automatiquement une connexion avec l&#039;op\u00e9rateur de la biblioth\u00e8que. Il est th\u00e9oriquement possible - mais actuellement non plus clair si et, si oui, \u00e0 quelles fins - que les op\u00e9rateurs de ces biblioth\u00e8ques collectent des donn\u00e9es.<\/p>\n<p>La politique de confidentialit\u00e9 de l&#039;exploitant de la biblioth\u00e8que Google peut \u00eatre consult\u00e9e ici\u00a0:\u00a0<a href=\"https:\/\/www.google.com\/policies\/privacy\/\" target=\"_blank\" rel=\"nofollow noopener noreferrer\">https:\/\/www.google.com\/policies\/privacy\/<\/a><br \/><br \/><\/p>\n<\/div>\n<div><b>Pr\u00e9sence en ligne sur les r\u00e9seaux sociaux :<\/b>\u00a0Nous maintenons une pr\u00e9sence en ligne au sein des r\u00e9seaux sociaux et des plateformes afin de pouvoir communiquer avec les clients, les parties int\u00e9ress\u00e9es et les utilisateurs qui y sont actifs et de les informer de nos services. Lors de l&#039;appel des r\u00e9seaux et plates-formes respectifs, les conditions g\u00e9n\u00e9rales et les directives de traitement des donn\u00e9es de leurs op\u00e9rateurs respectifs s&#039;appliquent.<br \/>\n<p>Sauf indication contraire dans notre d\u00e9claration de protection des donn\u00e9es, nous traitons les donn\u00e9es des utilisateurs tant qu&#039;ils communiquent avec nous au sein des r\u00e9seaux sociaux et des plateformes, par exemple en \u00e9crivant des articles sur notre pr\u00e9sence en ligne ou en nous envoyant des messages.<br \/><br \/><\/p>\n<div><b>Modification de nos r\u00e8gles de protection des donn\u00e9es\u00a0:<\/b>\u00a0Nous nous r\u00e9servons le droit d&#039;adapter cette d\u00e9claration de protection des donn\u00e9es afin qu&#039;elle soit toujours conforme aux exigences l\u00e9gales en vigueur ou d&#039;apporter des modifications \u00e0 nos services dans la d\u00e9claration de protection des donn\u00e9es, par exemple lors de l&#039;introduction de nouveaux services. La nouvelle d\u00e9claration de protection des donn\u00e9es s&#039;appliquera alors \u00e0 votre prochaine visite.<br \/><br \/><\/div>\n<div><b>Questions au d\u00e9l\u00e9gu\u00e9 \u00e0 la protection des donn\u00e9es\u00a0:<\/b>\u00a0Si vous avez des questions sur la protection des donn\u00e9es, veuillez nous envoyer un e-mail ou nous contacter directement \u00e0 hello@inctec.de.<br \/><br \/><\/div>\n<div>D\u00e9claration de protection des donn\u00e9es cr\u00e9\u00e9e avec le g\u00e9n\u00e9rateur de d\u00e9claration de protection des donn\u00e9es d&#039;activeMind AG et Datenschutz-Generator.de par Dr. Thomas Schwenke<\/div>\n<\/div>\n<\/div>\n\t\t\t\t\t\t\t\t<\/div>\n\t\t\t\t\t<\/div>\n\t\t<\/div>\n\t\t\t\t\t<\/div>\n\t\t<\/section>\n\t\t\t\t<\/div>","protected":false},"excerpt":{"rendered":"<p>DATENSCHUTZ Verantwortliche Stelle im Sinne der Datenschutzgesetze, insbesondere der EU-Datenschutzgrundverordnung (DSGVO), ist incontext.technology GmbH \/ Friedrich-Ebert-Anlage 27 \/ 69117 Heidelberg \/ Germany Vertreten durch:\u00a0Olga MordvinovaTelefon 06221 7254012 \/ Mail\u00a0hello@inctec.deSiehe Impressum f\u00fcr weitere Informationen. Ihre Betroffenenrechte:\u00a0Unter den angegebenen Kontaktdaten unseres Datenschutzbeauftragten k\u00f6nnen Sie jederzeit folgende Rechte aus\u00fcben: Auskunft \u00fcber Ihre bei uns gespeicherten Daten und deren [&hellip;]<\/p>\n","protected":false},"author":2,"featured_media":0,"parent":0,"menu_order":0,"comment_status":"closed","ping_status":"closed","template":"","meta":{"footnotes":""},"class_list":["post-756","page","type-page","status-publish","hentry","entry"],"yoast_head":"<!-- This site is optimized with the Yoast SEO plugin v27.3 - https:\/\/yoast.com\/product\/yoast-seo-wordpress\/ -->\n<title>INCTEC<\/title>\n<meta name=\"robots\" content=\"index, follow, max-snippet:-1, max-image-preview:large, max-video-preview:-1\" \/>\n<link rel=\"canonical\" href=\"https:\/\/incontext.technology\/fr\/datenschutz\/\" \/>\n<meta property=\"og:locale\" content=\"fr_FR\" \/>\n<meta property=\"og:type\" content=\"article\" \/>\n<meta property=\"og:title\" content=\"INCTEC\" \/>\n<meta property=\"og:description\" content=\"DATENSCHUTZ Verantwortliche Stelle im Sinne der Datenschutzgesetze, insbesondere der EU-Datenschutzgrundverordnung (DSGVO), ist incontext.technology GmbH \/ Friedrich-Ebert-Anlage 27 \/ 69117 Heidelberg \/ Germany Vertreten durch:\u00a0Olga MordvinovaTelefon 06221 7254012 \/ Mail\u00a0hello@inctec.deSiehe Impressum f\u00fcr weitere Informationen. Ihre Betroffenenrechte:\u00a0Unter den angegebenen Kontaktdaten unseres Datenschutzbeauftragten k\u00f6nnen Sie jederzeit folgende Rechte aus\u00fcben: Auskunft \u00fcber Ihre bei uns gespeicherten Daten und deren [&hellip;]\" \/>\n<meta property=\"og:url\" content=\"https:\/\/incontext.technology\/fr\/datenschutz\/\" \/>\n<meta property=\"og:site_name\" content=\"INCTEC\" \/>\n<meta property=\"article:modified_time\" content=\"2026-03-18T10:28:47+00:00\" \/>\n<meta name=\"twitter:card\" content=\"summary_large_image\" \/>\n<meta name=\"twitter:label1\" content=\"Dur\u00e9e de lecture estim\u00e9e\" \/>\n\t<meta name=\"twitter:data1\" content=\"4 minutes\" \/>\n<script type=\"application\/ld+json\" class=\"yoast-schema-graph\">{\"@context\":\"https:\\\/\\\/schema.org\",\"@graph\":[{\"@type\":\"WebPage\",\"@id\":\"https:\\\/\\\/incontext.technology\\\/datenschutz\",\"url\":\"https:\\\/\\\/incontext.technology\\\/datenschutz\",\"name\":\"INCTEC\",\"isPartOf\":{\"@id\":\"https:\\\/\\\/incontext.technology\\\/#website\"},\"datePublished\":\"2021-10-02T22:25:02+00:00\",\"dateModified\":\"2026-03-18T10:28:47+00:00\",\"breadcrumb\":{\"@id\":\"https:\\\/\\\/incontext.technology\\\/datenschutz#breadcrumb\"},\"inLanguage\":\"fr-FR\",\"potentialAction\":[{\"@type\":\"ReadAction\",\"target\":[\"https:\\\/\\\/incontext.technology\\\/datenschutz\"]}]},{\"@type\":\"BreadcrumbList\",\"@id\":\"https:\\\/\\\/incontext.technology\\\/datenschutz#breadcrumb\",\"itemListElement\":[{\"@type\":\"ListItem\",\"position\":1,\"name\":\"Home\",\"item\":\"https:\\\/\\\/incontext.technology\\\/\"},{\"@type\":\"ListItem\",\"position\":2,\"name\":\"DATENSCHUTZ\"}]},{\"@type\":\"WebSite\",\"@id\":\"https:\\\/\\\/incontext.technology\\\/#website\",\"url\":\"https:\\\/\\\/incontext.technology\\\/\",\"name\":\"INCTEC\",\"description\":\"Smart Monitoring. Better decisions. Faster.\",\"publisher\":{\"@id\":\"https:\\\/\\\/incontext.technology\\\/#organization\"},\"potentialAction\":[{\"@type\":\"SearchAction\",\"target\":{\"@type\":\"EntryPoint\",\"urlTemplate\":\"https:\\\/\\\/incontext.technology\\\/?s={search_term_string}\"},\"query-input\":{\"@type\":\"PropertyValueSpecification\",\"valueRequired\":true,\"valueName\":\"search_term_string\"}}],\"inLanguage\":\"fr-FR\"},{\"@type\":\"Organization\",\"@id\":\"https:\\\/\\\/incontext.technology\\\/#organization\",\"name\":\"INCTEC\",\"url\":\"https:\\\/\\\/incontext.technology\\\/\",\"logo\":{\"@type\":\"ImageObject\",\"inLanguage\":\"fr-FR\",\"@id\":\"https:\\\/\\\/incontext.technology\\\/#\\\/schema\\\/logo\\\/image\\\/\",\"url\":\"https:\\\/\\\/incontext.technology\\\/wp-content\\\/uploads\\\/2021\\\/09\\\/inctec-logo-1024x307-1.png\",\"contentUrl\":\"https:\\\/\\\/incontext.technology\\\/wp-content\\\/uploads\\\/2021\\\/09\\\/inctec-logo-1024x307-1.png\",\"width\":1024,\"height\":307,\"caption\":\"INCTEC\"},\"image\":{\"@id\":\"https:\\\/\\\/incontext.technology\\\/#\\\/schema\\\/logo\\\/image\\\/\"}}]}<\/script>\n<!-- \/ Yoast SEO plugin. -->","yoast_head_json":{"title":"INCTEC","robots":{"index":"index","follow":"follow","max-snippet":"max-snippet:-1","max-image-preview":"max-image-preview:large","max-video-preview":"max-video-preview:-1"},"canonical":"https:\/\/incontext.technology\/fr\/datenschutz\/","og_locale":"fr_FR","og_type":"article","og_title":"INCTEC","og_description":"DATENSCHUTZ Verantwortliche Stelle im Sinne der Datenschutzgesetze, insbesondere der EU-Datenschutzgrundverordnung (DSGVO), ist incontext.technology GmbH \/ Friedrich-Ebert-Anlage 27 \/ 69117 Heidelberg \/ Germany Vertreten durch:\u00a0Olga MordvinovaTelefon 06221 7254012 \/ Mail\u00a0hello@inctec.deSiehe Impressum f\u00fcr weitere Informationen. Ihre Betroffenenrechte:\u00a0Unter den angegebenen Kontaktdaten unseres Datenschutzbeauftragten k\u00f6nnen Sie jederzeit folgende Rechte aus\u00fcben: Auskunft \u00fcber Ihre bei uns gespeicherten Daten und deren [&hellip;]","og_url":"https:\/\/incontext.technology\/fr\/datenschutz\/","og_site_name":"INCTEC","article_modified_time":"2026-03-18T10:28:47+00:00","twitter_card":"summary_large_image","twitter_misc":{"Dur\u00e9e de lecture estim\u00e9e":"4 minutes"},"schema":{"@context":"https:\/\/schema.org","@graph":[{"@type":"WebPage","@id":"https:\/\/incontext.technology\/datenschutz","url":"https:\/\/incontext.technology\/datenschutz","name":"INCTEC","isPartOf":{"@id":"https:\/\/incontext.technology\/#website"},"datePublished":"2021-10-02T22:25:02+00:00","dateModified":"2026-03-18T10:28:47+00:00","breadcrumb":{"@id":"https:\/\/incontext.technology\/datenschutz#breadcrumb"},"inLanguage":"fr-FR","potentialAction":[{"@type":"ReadAction","target":["https:\/\/incontext.technology\/datenschutz"]}]},{"@type":"BreadcrumbList","@id":"https:\/\/incontext.technology\/datenschutz#breadcrumb","itemListElement":[{"@type":"ListItem","position":1,"name":"Home","item":"https:\/\/incontext.technology\/"},{"@type":"ListItem","position":2,"name":"DATENSCHUTZ"}]},{"@type":"WebSite","@id":"https:\/\/incontext.technology\/#website","url":"https:\/\/incontext.technology\/","name":"INCTEC","description":"Smart Monitoring. Better decisions. Faster.","publisher":{"@id":"https:\/\/incontext.technology\/#organization"},"potentialAction":[{"@type":"SearchAction","target":{"@type":"EntryPoint","urlTemplate":"https:\/\/incontext.technology\/?s={search_term_string}"},"query-input":{"@type":"PropertyValueSpecification","valueRequired":true,"valueName":"search_term_string"}}],"inLanguage":"fr-FR"},{"@type":"Organization","@id":"https:\/\/incontext.technology\/#organization","name":"INCTEC","url":"https:\/\/incontext.technology\/","logo":{"@type":"ImageObject","inLanguage":"fr-FR","@id":"https:\/\/incontext.technology\/#\/schema\/logo\/image\/","url":"https:\/\/incontext.technology\/wp-content\/uploads\/2021\/09\/inctec-logo-1024x307-1.png","contentUrl":"https:\/\/incontext.technology\/wp-content\/uploads\/2021\/09\/inctec-logo-1024x307-1.png","width":1024,"height":307,"caption":"INCTEC"},"image":{"@id":"https:\/\/incontext.technology\/#\/schema\/logo\/image\/"}}]}},"_links":{"self":[{"href":"https:\/\/incontext.technology\/fr\/wp-json\/wp\/v2\/pages\/756","targetHints":{"allow":["GET"]}}],"collection":[{"href":"https:\/\/incontext.technology\/fr\/wp-json\/wp\/v2\/pages"}],"about":[{"href":"https:\/\/incontext.technology\/fr\/wp-json\/wp\/v2\/types\/page"}],"author":[{"embeddable":true,"href":"https:\/\/incontext.technology\/fr\/wp-json\/wp\/v2\/users\/2"}],"replies":[{"embeddable":true,"href":"https:\/\/incontext.technology\/fr\/wp-json\/wp\/v2\/comments?post=756"}],"version-history":[{"count":8,"href":"https:\/\/incontext.technology\/fr\/wp-json\/wp\/v2\/pages\/756\/revisions"}],"predecessor-version":[{"id":4804,"href":"https:\/\/incontext.technology\/fr\/wp-json\/wp\/v2\/pages\/756\/revisions\/4804"}],"wp:attachment":[{"href":"https:\/\/incontext.technology\/fr\/wp-json\/wp\/v2\/media?parent=756"}],"curies":[{"name":"wp","href":"https:\/\/api.w.org\/{rel}","templated":true}]}}