{"id":3,"date":"2021-09-14T19:41:04","date_gmt":"2021-09-14T19:41:04","guid":{"rendered":"https:\/\/inctec.live-website.com\/?page_id=3"},"modified":"2026-03-18T10:28:00","modified_gmt":"2026-03-18T10:28:00","slug":"impressum","status":"publish","type":"page","link":"https:\/\/incontext.technology\/fr\/impressum","title":{"rendered":"INFORMATION L\u00c9GALES"},"content":{"rendered":"<div data-elementor-type=\"wp-page\" data-elementor-id=\"3\" class=\"elementor elementor-3\" data-elementor-post-type=\"page\">\n\t\t\t\t\t\t<section class=\"elementor-section elementor-top-section elementor-element elementor-element-3ca976d1 elementor-section-boxed elementor-section-height-default elementor-section-height-default\" data-id=\"3ca976d1\" data-element_type=\"section\" data-e-type=\"section\">\n\t\t\t\t\t\t<div class=\"elementor-container elementor-column-gap-default\">\n\t\t\t\t\t<div class=\"elementor-column elementor-col-100 elementor-top-column elementor-element elementor-element-1ac82286\" data-id=\"1ac82286\" data-element_type=\"column\" data-e-type=\"column\">\n\t\t\t<div class=\"elementor-widget-wrap elementor-element-populated\">\n\t\t\t\t\t\t<div class=\"elementor-element elementor-element-74c2ae6 elementor-widget elementor-widget-heading\" data-id=\"74c2ae6\" data-element_type=\"widget\" data-e-type=\"widget\" data-widget_type=\"heading.default\">\n\t\t\t\t\t<h1 class=\"elementor-heading-title elementor-size-default\">INFORMATION L\u00c9GALES<\/h1>\t\t\t\t<\/div>\n\t\t\t\t<div class=\"elementor-element elementor-element-27da1654 elementor-widget elementor-widget-text-editor\" data-id=\"27da1654\" data-element_type=\"widget\" data-e-type=\"widget\" data-widget_type=\"text-editor.default\">\n\t\t\t\t\t\t\t\t\t\n<div><b>Selon \u00a7 5 TMG :<\/b><br \/>incontext.technology GmbH<br \/>Friedrich-Ebert-Anlage 27\/69117 Heidelberg \/ Allemagne<br \/><br \/>\n<p><b>Repr\u00e9sent\u00e9 par:<\/b>\u00a0Olga Mordvinova<br \/>T\u00e9l\u00e9phone 06221 7254012 \/ Courrier\u00a0<a href=\"mailto:hello@inctec.de\">hello@inctec.de<\/a><br \/><br \/><b>S&#039;inscrire :<\/b>\u00a0Inscription au greffe du tribunal : Mannheim \/ Num\u00e9ro de registre : HRB 719735<br \/><br \/><b>Num\u00e9ro d&#039;identification fiscale\u00a0:<\/b>\u00a0Num\u00e9ro d&#039;identification de la taxe de vente selon \u00a727a de la loi sur la taxe de vente : DE 294855506<\/p>\n<\/div>\n<div><b>Clause de non-responsabilit\u00e9:<\/b><br \/><br \/><b>Responsabilit\u00e9 pour le contenu.<\/b>\u00a0Le contenu de nos pages a \u00e9t\u00e9 cr\u00e9\u00e9 avec le plus grand soin. Cependant, nous ne pouvons assumer aucune responsabilit\u00e9 pour l&#039;exactitude, l&#039;exhaustivit\u00e9 et l&#039;actualit\u00e9 du contenu. En tant que prestataire de services, nous sommes responsables de notre propre contenu sur ces pages conform\u00e9ment au droit g\u00e9n\u00e9ral conform\u00e9ment \u00e0 l&#039;article 7 (1) de la loi allemande sur les t\u00e9l\u00e9m\u00e9dias (TMG). Conform\u00e9ment aux \u00a7\u00a7 8 \u00e0 10 TMG, en tant que prestataire de services, nous ne sommes pas oblig\u00e9s de surveiller les informations de tiers transmises ou stock\u00e9es ou de rechercher des circonstances indiquant une activit\u00e9 ill\u00e9gale. Les obligations de supprimer ou de bloquer l&#039;utilisation des informations conform\u00e9ment aux lois g\u00e9n\u00e9rales restent inchang\u00e9es. Cependant, la responsabilit\u00e9 \u00e0 cet \u00e9gard n&#039;est possible qu&#039;\u00e0 partir du moment o\u00f9 nous avons connaissance d&#039;une violation l\u00e9gale sp\u00e9cifique. D\u00e8s que nous aurons connaissance de telles violations l\u00e9gales, nous supprimerons ce contenu imm\u00e9diatement.<br \/><br \/>\n<p><b>Responsabilit\u00e9 pour les liens.<\/b>\u00a0Notre offre contient des liens vers des sites Web externes de tiers sur le contenu desquels nous n&#039;avons aucune influence. Par cons\u00e9quent, nous ne pouvons accepter aucune responsabilit\u00e9 pour ce contenu de tiers. Le fournisseur ou l&#039;exploitant respectif des pages est toujours responsable du contenu des pages li\u00e9es. Les pages li\u00e9es ont \u00e9t\u00e9 v\u00e9rifi\u00e9es pour d&#039;\u00e9ventuelles violations de la loi au moment o\u00f9 elles ont \u00e9t\u00e9 li\u00e9es. Aucun contenu ill\u00e9gal n&#039;a \u00e9t\u00e9 trouv\u00e9 au moment de la cr\u00e9ation du lien. Un contr\u00f4le permanent du contenu des pages li\u00e9es n&#039;est pas raisonnable sans preuve concr\u00e8te d&#039;une violation de la loi. D\u00e8s que nous aurons connaissance de violations de la loi, nous supprimerons imm\u00e9diatement ces liens.<br \/><br \/><b>Droits d&#039;auteur.<\/b>\u00a0Le contenu et les \u0153uvres de ces pages cr\u00e9\u00e9es par l&#039;exploitant du site Web sont soumis \u00e0 la loi allemande sur le droit d&#039;auteur. La duplication, le traitement, la distribution et tout type d&#039;exploitation en dehors des limites du droit d&#039;auteur n\u00e9cessitent le consentement \u00e9crit de l&#039;auteur ou du cr\u00e9ateur respectif. Les t\u00e9l\u00e9chargements et les copies de ce site Web ne sont autoris\u00e9s que pour un usage priv\u00e9 et non commercial. Dans la mesure o\u00f9 le contenu de ce site n&#039;a pas \u00e9t\u00e9 cr\u00e9\u00e9 par l&#039;exploitant, les droits d&#039;auteur de tiers sont respect\u00e9s. En particulier, les contenus de tiers sont marqu\u00e9s comme tels. Si vous deviez n\u00e9anmoins prendre connaissance d&#039;une violation du droit d&#039;auteur, nous vous demandons de nous en informer en cons\u00e9quence. Si nous avons connaissance de violations de la loi, nous supprimerons imm\u00e9diatement ce contenu.<br \/><br \/><\/p>\n<p>Mentions l\u00e9gales cr\u00e9\u00e9es avec impressum-generator.de du cabinet d&#039;avocats Hasselbach, Cologne.<\/p>\n<\/div>\n\t\t\t\t\t\t\t\t<\/div>\n\t\t\t\t\t<\/div>\n\t\t<\/div>\n\t\t\t\t\t<\/div>\n\t\t<\/section>\n\t\t\t\t<\/div>","protected":false},"excerpt":{"rendered":"<p>IMPRESSUM Angaben gem\u00e4\u00df \u00a7 5 TMG:incontext.technology GmbHFriedrich-Ebert-Anlage 27 \/ 69117 Heidelberg \/ Germany Vertreten durch:\u00a0Olga MordvinovaTelefon 06221 7254012 \/ Mail\u00a0hello@inctec.de Registereintrag:\u00a0Eintragung im Registergericht: Mannheim \/ Registernummer: HRB 719735 Umsatzsteuer-ID:\u00a0Umsatzsteuer-Identifikationsnummer gem\u00e4\u00df \u00a727a Umsatzsteuergesetz: DE 294855506 Haftungsausschluss: Haftung f\u00fcr Inhalte.\u00a0Die Inhalte unserer Seiten wurden mit gr\u00f6\u00dfter Sorgfalt erstellt. F\u00fcr die Richtigkeit, Vollst\u00e4ndigkeit und Aktualit\u00e4t der Inhalte k\u00f6nnen [&hellip;]<\/p>\n","protected":false},"author":1,"featured_media":0,"parent":0,"menu_order":0,"comment_status":"closed","ping_status":"open","template":"","meta":{"footnotes":""},"class_list":["post-3","page","type-page","status-publish","hentry","entry"],"yoast_head":"<!-- This site is optimized with the Yoast SEO plugin v27.3 - https:\/\/yoast.com\/product\/yoast-seo-wordpress\/ -->\n<title>INCTEC<\/title>\n<meta name=\"robots\" content=\"index, follow, max-snippet:-1, max-image-preview:large, max-video-preview:-1\" \/>\n<link rel=\"canonical\" href=\"https:\/\/incontext.technology\/fr\/impressum\/\" \/>\n<meta property=\"og:locale\" content=\"fr_FR\" \/>\n<meta property=\"og:type\" content=\"article\" \/>\n<meta property=\"og:title\" content=\"INCTEC\" \/>\n<meta property=\"og:description\" content=\"IMPRESSUM Angaben gem\u00e4\u00df \u00a7 5 TMG:incontext.technology GmbHFriedrich-Ebert-Anlage 27 \/ 69117 Heidelberg \/ Germany Vertreten durch:\u00a0Olga MordvinovaTelefon 06221 7254012 \/ Mail\u00a0hello@inctec.de Registereintrag:\u00a0Eintragung im Registergericht: Mannheim \/ Registernummer: HRB 719735 Umsatzsteuer-ID:\u00a0Umsatzsteuer-Identifikationsnummer gem\u00e4\u00df \u00a727a Umsatzsteuergesetz: DE 294855506 Haftungsausschluss: Haftung f\u00fcr Inhalte.\u00a0Die Inhalte unserer Seiten wurden mit gr\u00f6\u00dfter Sorgfalt erstellt. F\u00fcr die Richtigkeit, Vollst\u00e4ndigkeit und Aktualit\u00e4t der Inhalte k\u00f6nnen [&hellip;]\" \/>\n<meta property=\"og:url\" content=\"https:\/\/incontext.technology\/fr\/impressum\/\" \/>\n<meta property=\"og:site_name\" content=\"INCTEC\" \/>\n<meta property=\"article:modified_time\" content=\"2026-03-18T10:28:00+00:00\" \/>\n<meta name=\"twitter:card\" content=\"summary_large_image\" \/>\n<meta name=\"twitter:label1\" content=\"Dur\u00e9e de lecture estim\u00e9e\" \/>\n\t<meta name=\"twitter:data1\" content=\"2 minutes\" \/>\n<script type=\"application\/ld+json\" class=\"yoast-schema-graph\">{\"@context\":\"https:\\\/\\\/schema.org\",\"@graph\":[{\"@type\":\"WebPage\",\"@id\":\"https:\\\/\\\/incontext.technology\\\/impressum\",\"url\":\"https:\\\/\\\/incontext.technology\\\/impressum\",\"name\":\"INCTEC\",\"isPartOf\":{\"@id\":\"https:\\\/\\\/incontext.technology\\\/#website\"},\"datePublished\":\"2021-09-14T19:41:04+00:00\",\"dateModified\":\"2026-03-18T10:28:00+00:00\",\"breadcrumb\":{\"@id\":\"https:\\\/\\\/incontext.technology\\\/impressum#breadcrumb\"},\"inLanguage\":\"fr-FR\",\"potentialAction\":[{\"@type\":\"ReadAction\",\"target\":[\"https:\\\/\\\/incontext.technology\\\/impressum\"]}]},{\"@type\":\"BreadcrumbList\",\"@id\":\"https:\\\/\\\/incontext.technology\\\/impressum#breadcrumb\",\"itemListElement\":[{\"@type\":\"ListItem\",\"position\":1,\"name\":\"Home\",\"item\":\"https:\\\/\\\/incontext.technology\\\/\"},{\"@type\":\"ListItem\",\"position\":2,\"name\":\"IMPRESSUM\"}]},{\"@type\":\"WebSite\",\"@id\":\"https:\\\/\\\/incontext.technology\\\/#website\",\"url\":\"https:\\\/\\\/incontext.technology\\\/\",\"name\":\"INCTEC\",\"description\":\"Smart Monitoring. Better decisions. Faster.\",\"publisher\":{\"@id\":\"https:\\\/\\\/incontext.technology\\\/#organization\"},\"potentialAction\":[{\"@type\":\"SearchAction\",\"target\":{\"@type\":\"EntryPoint\",\"urlTemplate\":\"https:\\\/\\\/incontext.technology\\\/?s={search_term_string}\"},\"query-input\":{\"@type\":\"PropertyValueSpecification\",\"valueRequired\":true,\"valueName\":\"search_term_string\"}}],\"inLanguage\":\"fr-FR\"},{\"@type\":\"Organization\",\"@id\":\"https:\\\/\\\/incontext.technology\\\/#organization\",\"name\":\"INCTEC\",\"url\":\"https:\\\/\\\/incontext.technology\\\/\",\"logo\":{\"@type\":\"ImageObject\",\"inLanguage\":\"fr-FR\",\"@id\":\"https:\\\/\\\/incontext.technology\\\/#\\\/schema\\\/logo\\\/image\\\/\",\"url\":\"https:\\\/\\\/incontext.technology\\\/wp-content\\\/uploads\\\/2021\\\/09\\\/inctec-logo-1024x307-1.png\",\"contentUrl\":\"https:\\\/\\\/incontext.technology\\\/wp-content\\\/uploads\\\/2021\\\/09\\\/inctec-logo-1024x307-1.png\",\"width\":1024,\"height\":307,\"caption\":\"INCTEC\"},\"image\":{\"@id\":\"https:\\\/\\\/incontext.technology\\\/#\\\/schema\\\/logo\\\/image\\\/\"}}]}<\/script>\n<!-- \/ Yoast SEO plugin. -->","yoast_head_json":{"title":"INCTEC","robots":{"index":"index","follow":"follow","max-snippet":"max-snippet:-1","max-image-preview":"max-image-preview:large","max-video-preview":"max-video-preview:-1"},"canonical":"https:\/\/incontext.technology\/fr\/impressum\/","og_locale":"fr_FR","og_type":"article","og_title":"INCTEC","og_description":"IMPRESSUM Angaben gem\u00e4\u00df \u00a7 5 TMG:incontext.technology GmbHFriedrich-Ebert-Anlage 27 \/ 69117 Heidelberg \/ Germany Vertreten durch:\u00a0Olga MordvinovaTelefon 06221 7254012 \/ Mail\u00a0hello@inctec.de Registereintrag:\u00a0Eintragung im Registergericht: Mannheim \/ Registernummer: HRB 719735 Umsatzsteuer-ID:\u00a0Umsatzsteuer-Identifikationsnummer gem\u00e4\u00df \u00a727a Umsatzsteuergesetz: DE 294855506 Haftungsausschluss: Haftung f\u00fcr Inhalte.\u00a0Die Inhalte unserer Seiten wurden mit gr\u00f6\u00dfter Sorgfalt erstellt. F\u00fcr die Richtigkeit, Vollst\u00e4ndigkeit und Aktualit\u00e4t der Inhalte k\u00f6nnen [&hellip;]","og_url":"https:\/\/incontext.technology\/fr\/impressum\/","og_site_name":"INCTEC","article_modified_time":"2026-03-18T10:28:00+00:00","twitter_card":"summary_large_image","twitter_misc":{"Dur\u00e9e de lecture estim\u00e9e":"2 minutes"},"schema":{"@context":"https:\/\/schema.org","@graph":[{"@type":"WebPage","@id":"https:\/\/incontext.technology\/impressum","url":"https:\/\/incontext.technology\/impressum","name":"INCTEC","isPartOf":{"@id":"https:\/\/incontext.technology\/#website"},"datePublished":"2021-09-14T19:41:04+00:00","dateModified":"2026-03-18T10:28:00+00:00","breadcrumb":{"@id":"https:\/\/incontext.technology\/impressum#breadcrumb"},"inLanguage":"fr-FR","potentialAction":[{"@type":"ReadAction","target":["https:\/\/incontext.technology\/impressum"]}]},{"@type":"BreadcrumbList","@id":"https:\/\/incontext.technology\/impressum#breadcrumb","itemListElement":[{"@type":"ListItem","position":1,"name":"Home","item":"https:\/\/incontext.technology\/"},{"@type":"ListItem","position":2,"name":"IMPRESSUM"}]},{"@type":"WebSite","@id":"https:\/\/incontext.technology\/#website","url":"https:\/\/incontext.technology\/","name":"INCTEC","description":"Smart Monitoring. Better decisions. Faster.","publisher":{"@id":"https:\/\/incontext.technology\/#organization"},"potentialAction":[{"@type":"SearchAction","target":{"@type":"EntryPoint","urlTemplate":"https:\/\/incontext.technology\/?s={search_term_string}"},"query-input":{"@type":"PropertyValueSpecification","valueRequired":true,"valueName":"search_term_string"}}],"inLanguage":"fr-FR"},{"@type":"Organization","@id":"https:\/\/incontext.technology\/#organization","name":"INCTEC","url":"https:\/\/incontext.technology\/","logo":{"@type":"ImageObject","inLanguage":"fr-FR","@id":"https:\/\/incontext.technology\/#\/schema\/logo\/image\/","url":"https:\/\/incontext.technology\/wp-content\/uploads\/2021\/09\/inctec-logo-1024x307-1.png","contentUrl":"https:\/\/incontext.technology\/wp-content\/uploads\/2021\/09\/inctec-logo-1024x307-1.png","width":1024,"height":307,"caption":"INCTEC"},"image":{"@id":"https:\/\/incontext.technology\/#\/schema\/logo\/image\/"}}]}},"_links":{"self":[{"href":"https:\/\/incontext.technology\/fr\/wp-json\/wp\/v2\/pages\/3","targetHints":{"allow":["GET"]}}],"collection":[{"href":"https:\/\/incontext.technology\/fr\/wp-json\/wp\/v2\/pages"}],"about":[{"href":"https:\/\/incontext.technology\/fr\/wp-json\/wp\/v2\/types\/page"}],"author":[{"embeddable":true,"href":"https:\/\/incontext.technology\/fr\/wp-json\/wp\/v2\/users\/1"}],"replies":[{"embeddable":true,"href":"https:\/\/incontext.technology\/fr\/wp-json\/wp\/v2\/comments?post=3"}],"version-history":[{"count":11,"href":"https:\/\/incontext.technology\/fr\/wp-json\/wp\/v2\/pages\/3\/revisions"}],"predecessor-version":[{"id":4801,"href":"https:\/\/incontext.technology\/fr\/wp-json\/wp\/v2\/pages\/3\/revisions\/4801"}],"wp:attachment":[{"href":"https:\/\/incontext.technology\/fr\/wp-json\/wp\/v2\/media?parent=3"}],"curies":[{"name":"wp","href":"https:\/\/api.w.org\/{rel}","templated":true}]}}