{"id":3,"date":"2021-09-14T19:41:04","date_gmt":"2021-09-14T19:41:04","guid":{"rendered":"https:\/\/inctec.live-website.com\/?page_id=3"},"modified":"2026-03-18T10:28:00","modified_gmt":"2026-03-18T10:28:00","slug":"impressum","status":"publish","type":"page","link":"https:\/\/incontext.technology\/en\/impressum","title":{"rendered":"IMPRINT"},"content":{"rendered":"<div data-elementor-type=\"wp-page\" data-elementor-id=\"3\" class=\"elementor elementor-3\" data-elementor-post-type=\"page\">\n\t\t\t\t\t\t<section class=\"elementor-section elementor-top-section elementor-element elementor-element-3ca976d1 elementor-section-boxed elementor-section-height-default elementor-section-height-default\" data-id=\"3ca976d1\" data-element_type=\"section\" data-e-type=\"section\">\n\t\t\t\t\t\t<div class=\"elementor-container elementor-column-gap-default\">\n\t\t\t\t\t<div class=\"elementor-column elementor-col-100 elementor-top-column elementor-element elementor-element-1ac82286\" data-id=\"1ac82286\" data-element_type=\"column\" data-e-type=\"column\">\n\t\t\t<div class=\"elementor-widget-wrap elementor-element-populated\">\n\t\t\t\t\t\t<div class=\"elementor-element elementor-element-74c2ae6 elementor-widget elementor-widget-heading\" data-id=\"74c2ae6\" data-element_type=\"widget\" data-e-type=\"widget\" data-widget_type=\"heading.default\">\n\t\t\t\t\t<h1 class=\"elementor-heading-title elementor-size-default\">IMPRINT<\/h1>\t\t\t\t<\/div>\n\t\t\t\t<div class=\"elementor-element elementor-element-27da1654 elementor-widget elementor-widget-text-editor\" data-id=\"27da1654\" data-element_type=\"widget\" data-e-type=\"widget\" data-widget_type=\"text-editor.default\">\n\t\t\t\t\t\t\t\t\t\n<div><b>According to \u00a7 5 TMG:<\/b><br \/>incontext.technology GmbH<br \/>Friedrich-Ebert-Anlage 27\/69117 Heidelberg \/ Germany<br \/><br \/>\n<p><b>Represented by:<\/b>\u00a0Olga Mordvinova<br \/>Phone 06221 7254012 \/ Mail\u00a0<a href=\"mailto:hello@inctec.de\">hello@inctec.de<\/a><br \/><br \/><b>Register entry:<\/b>\u00a0Entry in the register court: Mannheim \/ Register number: HRB 719735<br \/><br \/><b>Tax ID:<\/b>\u00a0Sales tax identification number according to \u00a727a sales tax law: DE 294855506<\/p>\n<\/div>\n<div><b>Disclaimer:<\/b><br \/><br \/><b>Liability for content.<\/b>\u00a0The contents of our pages were created with great care. However, we cannot assume any liability for the correctness, completeness and topicality of the content. As a service provider, we are responsible for our own content on these pages in accordance with general law in accordance with Section 7 (1) of the German Telemedia Act (TMG). According to \u00a7\u00a7 8 to 10 TMG, as a service provider, we are not obliged to monitor transmitted or stored third-party information or to research circumstances that indicate illegal activity. Obligations to remove or block the use of information according to general laws remain unaffected. However, liability in this regard is only possible from the point in time at which we become aware of a specific legal violation. As soon as we become aware of such legal violations, we will remove this content immediately.<br \/><br \/>\n<p><b>Liability for links.<\/b>\u00a0Our offer contains links to external third-party websites over whose content we have no influence. Therefore, we cannot accept any liability for this third-party content. The respective provider or operator of the pages is always responsible for the content of the linked pages. The linked pages were checked for possible legal violations at the time they were linked. No illegal content was found at the time the link was created. A permanent control of the content of the linked pages is not reasonable without concrete evidence of a violation of the law. As soon as we become aware of legal violations, we will remove such links immediately.<br \/><br \/><b>Copyright.<\/b>\u00a0The content and works on these pages created by the website operator are subject to German copyright law. The duplication, processing, distribution and any kind of exploitation outside the limits of copyright law require the written consent of the respective author or creator. Downloads and copies of this website are only permitted for private, non-commercial use. Insofar as the content on this site was not created by the operator, the copyrights of third parties are observed. In particular contents of third parties are marked as such. If you should nevertheless become aware of a copyright infringement, we would ask you to notify us accordingly. If we become aware of legal violations, we will remove such content immediately.<br \/><br \/><\/p>\n<p>Imprint created with the impressum-generator.de from the law firm Hasselbach, Cologne.<\/p>\n<\/div>\n\t\t\t\t\t\t\t\t<\/div>\n\t\t\t\t\t<\/div>\n\t\t<\/div>\n\t\t\t\t\t<\/div>\n\t\t<\/section>\n\t\t\t\t<\/div>","protected":false},"excerpt":{"rendered":"<p>IMPRESSUM Angaben gem\u00e4\u00df \u00a7 5 TMG:incontext.technology GmbHFriedrich-Ebert-Anlage 27 \/ 69117 Heidelberg \/ Germany Vertreten durch:\u00a0Olga MordvinovaTelefon 06221 7254012 \/ Mail\u00a0hello@inctec.de Registereintrag:\u00a0Eintragung im Registergericht: Mannheim \/ Registernummer: HRB 719735 Umsatzsteuer-ID:\u00a0Umsatzsteuer-Identifikationsnummer gem\u00e4\u00df \u00a727a Umsatzsteuergesetz: DE 294855506 Haftungsausschluss: Haftung f\u00fcr Inhalte.\u00a0Die Inhalte unserer Seiten wurden mit gr\u00f6\u00dfter Sorgfalt erstellt. F\u00fcr die Richtigkeit, Vollst\u00e4ndigkeit und Aktualit\u00e4t der Inhalte k\u00f6nnen [&hellip;]<\/p>\n","protected":false},"author":1,"featured_media":0,"parent":0,"menu_order":0,"comment_status":"closed","ping_status":"open","template":"","meta":{"footnotes":""},"class_list":["post-3","page","type-page","status-publish","hentry","entry"],"yoast_head":"<!-- This site is optimized with the Yoast SEO plugin v27.3 - https:\/\/yoast.com\/product\/yoast-seo-wordpress\/ -->\n<title>INCTEC<\/title>\n<meta name=\"robots\" content=\"index, follow, max-snippet:-1, max-image-preview:large, max-video-preview:-1\" \/>\n<link rel=\"canonical\" href=\"https:\/\/incontext.technology\/en\/impressum\/\" \/>\n<meta property=\"og:locale\" content=\"en_GB\" \/>\n<meta property=\"og:type\" content=\"article\" \/>\n<meta property=\"og:title\" content=\"INCTEC\" \/>\n<meta property=\"og:description\" content=\"IMPRESSUM Angaben gem\u00e4\u00df \u00a7 5 TMG:incontext.technology GmbHFriedrich-Ebert-Anlage 27 \/ 69117 Heidelberg \/ Germany Vertreten durch:\u00a0Olga MordvinovaTelefon 06221 7254012 \/ Mail\u00a0hello@inctec.de Registereintrag:\u00a0Eintragung im Registergericht: Mannheim \/ Registernummer: HRB 719735 Umsatzsteuer-ID:\u00a0Umsatzsteuer-Identifikationsnummer gem\u00e4\u00df \u00a727a Umsatzsteuergesetz: DE 294855506 Haftungsausschluss: Haftung f\u00fcr Inhalte.\u00a0Die Inhalte unserer Seiten wurden mit gr\u00f6\u00dfter Sorgfalt erstellt. F\u00fcr die Richtigkeit, Vollst\u00e4ndigkeit und Aktualit\u00e4t der Inhalte k\u00f6nnen [&hellip;]\" \/>\n<meta property=\"og:url\" content=\"https:\/\/incontext.technology\/en\/impressum\/\" \/>\n<meta property=\"og:site_name\" content=\"INCTEC\" \/>\n<meta property=\"article:modified_time\" content=\"2026-03-18T10:28:00+00:00\" \/>\n<meta name=\"twitter:card\" content=\"summary_large_image\" \/>\n<meta name=\"twitter:label1\" content=\"Estimated reading time\" \/>\n\t<meta name=\"twitter:data1\" content=\"2 minutes\" \/>\n<script type=\"application\/ld+json\" class=\"yoast-schema-graph\">{\"@context\":\"https:\\\/\\\/schema.org\",\"@graph\":[{\"@type\":\"WebPage\",\"@id\":\"https:\\\/\\\/incontext.technology\\\/impressum\",\"url\":\"https:\\\/\\\/incontext.technology\\\/impressum\",\"name\":\"INCTEC\",\"isPartOf\":{\"@id\":\"https:\\\/\\\/incontext.technology\\\/#website\"},\"datePublished\":\"2021-09-14T19:41:04+00:00\",\"dateModified\":\"2026-03-18T10:28:00+00:00\",\"breadcrumb\":{\"@id\":\"https:\\\/\\\/incontext.technology\\\/impressum#breadcrumb\"},\"inLanguage\":\"en-GB\",\"potentialAction\":[{\"@type\":\"ReadAction\",\"target\":[\"https:\\\/\\\/incontext.technology\\\/impressum\"]}]},{\"@type\":\"BreadcrumbList\",\"@id\":\"https:\\\/\\\/incontext.technology\\\/impressum#breadcrumb\",\"itemListElement\":[{\"@type\":\"ListItem\",\"position\":1,\"name\":\"Home\",\"item\":\"https:\\\/\\\/incontext.technology\\\/\"},{\"@type\":\"ListItem\",\"position\":2,\"name\":\"IMPRESSUM\"}]},{\"@type\":\"WebSite\",\"@id\":\"https:\\\/\\\/incontext.technology\\\/#website\",\"url\":\"https:\\\/\\\/incontext.technology\\\/\",\"name\":\"INCTEC\",\"description\":\"Smart Monitoring. Better decisions. Faster.\",\"publisher\":{\"@id\":\"https:\\\/\\\/incontext.technology\\\/#organization\"},\"potentialAction\":[{\"@type\":\"SearchAction\",\"target\":{\"@type\":\"EntryPoint\",\"urlTemplate\":\"https:\\\/\\\/incontext.technology\\\/?s={search_term_string}\"},\"query-input\":{\"@type\":\"PropertyValueSpecification\",\"valueRequired\":true,\"valueName\":\"search_term_string\"}}],\"inLanguage\":\"en-GB\"},{\"@type\":\"Organization\",\"@id\":\"https:\\\/\\\/incontext.technology\\\/#organization\",\"name\":\"INCTEC\",\"url\":\"https:\\\/\\\/incontext.technology\\\/\",\"logo\":{\"@type\":\"ImageObject\",\"inLanguage\":\"en-GB\",\"@id\":\"https:\\\/\\\/incontext.technology\\\/#\\\/schema\\\/logo\\\/image\\\/\",\"url\":\"https:\\\/\\\/incontext.technology\\\/wp-content\\\/uploads\\\/2021\\\/09\\\/inctec-logo-1024x307-1.png\",\"contentUrl\":\"https:\\\/\\\/incontext.technology\\\/wp-content\\\/uploads\\\/2021\\\/09\\\/inctec-logo-1024x307-1.png\",\"width\":1024,\"height\":307,\"caption\":\"INCTEC\"},\"image\":{\"@id\":\"https:\\\/\\\/incontext.technology\\\/#\\\/schema\\\/logo\\\/image\\\/\"}}]}<\/script>\n<!-- \/ Yoast SEO plugin. -->","yoast_head_json":{"title":"INCTEC","robots":{"index":"index","follow":"follow","max-snippet":"max-snippet:-1","max-image-preview":"max-image-preview:large","max-video-preview":"max-video-preview:-1"},"canonical":"https:\/\/incontext.technology\/en\/impressum\/","og_locale":"en_GB","og_type":"article","og_title":"INCTEC","og_description":"IMPRESSUM Angaben gem\u00e4\u00df \u00a7 5 TMG:incontext.technology GmbHFriedrich-Ebert-Anlage 27 \/ 69117 Heidelberg \/ Germany Vertreten durch:\u00a0Olga MordvinovaTelefon 06221 7254012 \/ Mail\u00a0hello@inctec.de Registereintrag:\u00a0Eintragung im Registergericht: Mannheim \/ Registernummer: HRB 719735 Umsatzsteuer-ID:\u00a0Umsatzsteuer-Identifikationsnummer gem\u00e4\u00df \u00a727a Umsatzsteuergesetz: DE 294855506 Haftungsausschluss: Haftung f\u00fcr Inhalte.\u00a0Die Inhalte unserer Seiten wurden mit gr\u00f6\u00dfter Sorgfalt erstellt. F\u00fcr die Richtigkeit, Vollst\u00e4ndigkeit und Aktualit\u00e4t der Inhalte k\u00f6nnen [&hellip;]","og_url":"https:\/\/incontext.technology\/en\/impressum\/","og_site_name":"INCTEC","article_modified_time":"2026-03-18T10:28:00+00:00","twitter_card":"summary_large_image","twitter_misc":{"Estimated reading time":"2 minutes"},"schema":{"@context":"https:\/\/schema.org","@graph":[{"@type":"WebPage","@id":"https:\/\/incontext.technology\/impressum","url":"https:\/\/incontext.technology\/impressum","name":"INCTEC","isPartOf":{"@id":"https:\/\/incontext.technology\/#website"},"datePublished":"2021-09-14T19:41:04+00:00","dateModified":"2026-03-18T10:28:00+00:00","breadcrumb":{"@id":"https:\/\/incontext.technology\/impressum#breadcrumb"},"inLanguage":"en-GB","potentialAction":[{"@type":"ReadAction","target":["https:\/\/incontext.technology\/impressum"]}]},{"@type":"BreadcrumbList","@id":"https:\/\/incontext.technology\/impressum#breadcrumb","itemListElement":[{"@type":"ListItem","position":1,"name":"Home","item":"https:\/\/incontext.technology\/"},{"@type":"ListItem","position":2,"name":"IMPRESSUM"}]},{"@type":"WebSite","@id":"https:\/\/incontext.technology\/#website","url":"https:\/\/incontext.technology\/","name":"INCTEC","description":"Smart Monitoring. Better decisions. Faster.","publisher":{"@id":"https:\/\/incontext.technology\/#organization"},"potentialAction":[{"@type":"SearchAction","target":{"@type":"EntryPoint","urlTemplate":"https:\/\/incontext.technology\/?s={search_term_string}"},"query-input":{"@type":"PropertyValueSpecification","valueRequired":true,"valueName":"search_term_string"}}],"inLanguage":"en-GB"},{"@type":"Organization","@id":"https:\/\/incontext.technology\/#organization","name":"INCTEC","url":"https:\/\/incontext.technology\/","logo":{"@type":"ImageObject","inLanguage":"en-GB","@id":"https:\/\/incontext.technology\/#\/schema\/logo\/image\/","url":"https:\/\/incontext.technology\/wp-content\/uploads\/2021\/09\/inctec-logo-1024x307-1.png","contentUrl":"https:\/\/incontext.technology\/wp-content\/uploads\/2021\/09\/inctec-logo-1024x307-1.png","width":1024,"height":307,"caption":"INCTEC"},"image":{"@id":"https:\/\/incontext.technology\/#\/schema\/logo\/image\/"}}]}},"_links":{"self":[{"href":"https:\/\/incontext.technology\/en\/wp-json\/wp\/v2\/pages\/3","targetHints":{"allow":["GET"]}}],"collection":[{"href":"https:\/\/incontext.technology\/en\/wp-json\/wp\/v2\/pages"}],"about":[{"href":"https:\/\/incontext.technology\/en\/wp-json\/wp\/v2\/types\/page"}],"author":[{"embeddable":true,"href":"https:\/\/incontext.technology\/en\/wp-json\/wp\/v2\/users\/1"}],"replies":[{"embeddable":true,"href":"https:\/\/incontext.technology\/en\/wp-json\/wp\/v2\/comments?post=3"}],"version-history":[{"count":11,"href":"https:\/\/incontext.technology\/en\/wp-json\/wp\/v2\/pages\/3\/revisions"}],"predecessor-version":[{"id":4801,"href":"https:\/\/incontext.technology\/en\/wp-json\/wp\/v2\/pages\/3\/revisions\/4801"}],"wp:attachment":[{"href":"https:\/\/incontext.technology\/en\/wp-json\/wp\/v2\/media?parent=3"}],"curies":[{"name":"wp","href":"https:\/\/api.w.org\/{rel}","templated":true}]}}